{"id":33790,"date":"2026-02-09T16:46:42","date_gmt":"2026-02-09T16:46:42","guid":{"rendered":"https:\/\/bondahx.com\/index.php\/product\/ds-7608ni-q2-8p-h-265-8-channel-poe-4k-8mp-network-video-recorder-nvr-plug-play-international-original-english-version-hard-drive-not-included\/"},"modified":"2026-02-09T16:46:49","modified_gmt":"2026-02-09T16:46:49","slug":"ds-7608ni-q2-8p-h-265-8-channel-poe-4k-8mp-network-video-recorder-nvr-plug-play-international-original-english-version-hard-drive-not-included","status":"publish","type":"product","link":"https:\/\/bondahx.com\/index.php\/product\/ds-7608ni-q2-8p-h-265-8-channel-poe-4k-8mp-network-video-recorder-nvr-plug-play-international-original-english-version-hard-drive-not-included\/","title":{"rendered":"DS-7608NI-Q2\/8P H.265 8 Channel PoE 4K 8MP Network Video Recorder NVR, Plug &#038; Play, International Original English Version, Hard Drive Not Included"},"content":{"rendered":"<p>Price: <span style=\"color:#b12704\">$226.00<\/span><br \/><i><small>(as of Feb 09, 2026 16:46:43 UTC &#8211; <span class=\"wp_automatic_amazon_disclaimer\" title=\"Product prices and availability are accurate as of the date\/time indicated and are subject to change. Any price and availability information displayed on [relevant Amazon Site(s), as applicable] at the time of purchase will apply to the purchase of this product.\">Details<\/span>)<\/small><\/i><br \/><a href=\"https:\/\/amazon.com\/dp\/B07YMWZW8M?tag=bondbondt0b-20\"><img decoding=\"async\" src=\"https:\/\/valvepress.s3.amazonaws.com\/imgs\/buy_now.png\"><\/a><br \/>\n<br \/>\n    <span>Video\/Audio Input<br \/>IP video input: | 8-ch<br \/>Two-way audio input: | 1-ch, RCA (2.0 Vp-p, 1k\u03a9)<br \/>Network<br \/>Incoming bandwidth: | 80Mbps<br \/>Outgoing bandwidth: | 80Mbps<br \/>Video\/Audio Output<br \/>HDMI Output: 1-ch, resolution: 4K(3840*2160)\/60Hz, 4K(3840*2160)\/30Hz, 1920*1080P\/60Hz, 1600*1200\/60Hz, 1280*1024\/60Hz, 1280*720\/60Hz, 1024*768\/60Hz<br \/>Recording Resolution: 8MP\/6MP\/5MP\/4MP\/3MP\/1080p\/UXGA\/720p\/VGA\/4CIF\/DCIF\/2CIF\/CIF\/QCIF<br \/>VGA Output: 1-ch, resolution: 1920*1080P\/60Hz, 1280*1024\/60Hz, 1280*720\/60Hz, 1024*768\/60Hz<br \/>Decoding<br \/>Live view \/ Playback: | 8MP\/6MP\/5MP\/3MP\/1080p\/UXGA\/720p\/VGA\/4CIF\/DCIF\/2CIF\/CIF\/QCIF<br \/>Capability: | 8-ch@1080P<br \/>Hard Disk<br \/>SATA: | 1 SATA interfaces for 1 HDDs<br \/>Capacity: | Up to 6TB capacity for each HDD<br \/>External Interface<br \/>USB Interface: | 2, USB2.0<br \/>><br \/>POE<br \/>Interface: | 8 independent 10 \/100 Mbps PoE Ethernet interfaces<br \/>General<br \/>Power Supply: | 100 to 200 VAC<br \/>Consumption(without hard disk and POE): | \u2264 15 W<br \/>Working Temperature: | -10 \u00baC ~ +55 \u00baC (+14 \u00baF~ + 131 \u00baF)<br \/>Working Humidity: | 10 % ~ 90 %<br \/>Chassis: | 385 mm chassis<br \/>Dimensions: | 385 mm \u00d7 315 mm \u00d7 52 mm (15.2&#8243;\u00d7 12.4&#8243; \u00d7 2.0&#8243;)<br \/>Weight(without HDD): | \u2264 3 kg (6.6 lb)<\/span><br \/>Supports 8 IP Cameras and up to 8 MP resolution<br \/>8 Independent PoE Network Interfaces<br \/>HDMI Output Resolution: 1-ch, 4K (3840 \u00d7 2160)\/30 Hz, 1920 \u00d7 1080p\/60 Hz, 1600 \u00d7 1200\/60 Hz, 1280 \u00d7 1024\/60 Hz, 1280 \u00d7 720\/60 Hz, 1024 \u00d7 768\/60 Hz<br \/>Incoming Bandwidth: 80 Mbps Outgoing Bandwidth: 80 Mbps<br \/>WARRANTY &#8211; This Camera is Original International Version, not US Version, One Year Warranty and Lifetime Tech Support covered by seller<\/p>\n\n","protected":false},"excerpt":{"rendered":"<p> Video\/Audio InputIP video input: | 8-chTwo-way audio input: | 1-ch, RCA (2.0 Vp-p, 1k\u03a9)NetworkIncoming bandwidth:<\/p>\n","protected":false},"featured_media":33791,"comment_status":"open","ping_status":"closed","template":"","meta":[],"product_brand":[947],"product_cat":[87,164,165,885,884,114],"product_tag":[],"class_list":{"0":"post-33790","1":"product","2":"type-product","3":"status-publish","4":"has-post-thumbnail","6":"product_brand-real-hd","7":"product_cat-electronics","8":"product_cat-security-surveillance","9":"product_cat-surveillance-video-equipment","10":"product_cat-surveillance-video-recorders","11":"product_cat-surveillance-video-recorderselectronics","12":"product_cat-camera-surveillance","14":"first","15":"instock","16":"shipping-taxable","17":"product-type-external"},"yoast_head":"<!-- This site is optimized with the Yoast SEO Premium plugin v25.0 (Yoast SEO v26.9) - https:\/\/yoast.com\/product\/yoast-seo-premium-wordpress\/ -->\n<title>DS-7608NI-Q2\/8P H.265 8 Channel PoE 4K 8MP Network Video Recorder NVR, Plug &amp; Play, International Original English Version, Hard Drive Not Included - bondahx<\/title>\n<meta name=\"robots\" content=\"index, follow, max-snippet:-1, max-image-preview:large, max-video-preview:-1\" \/>\n<link rel=\"canonical\" href=\"https:\/\/bondahx.com\/index.php\/product\/ds-7608ni-q2-8p-h-265-8-channel-poe-4k-8mp-network-video-recorder-nvr-plug-play-international-original-english-version-hard-drive-not-included\/\" \/>\n<meta property=\"og:locale\" content=\"en_US\" \/>\n<meta property=\"og:type\" content=\"article\" \/>\n<meta property=\"og:title\" content=\"DS-7608NI-Q2\/8P H.265 8 Channel PoE 4K 8MP Network Video Recorder NVR, Plug &amp; Play, International Original English Version, Hard Drive Not Included\" \/>\n<meta property=\"og:description\" content=\"Price: (as of &#8211; Details) Video\/Audio InputIP video input: | 8-chTwo-way audio input: | 1-ch, RCA (2.0 Vp-p, 1k\u03a9)NetworkIncoming bandwidth:\" \/>\n<meta property=\"og:url\" content=\"https:\/\/bondahx.com\/index.php\/product\/ds-7608ni-q2-8p-h-265-8-channel-poe-4k-8mp-network-video-recorder-nvr-plug-play-international-original-english-version-hard-drive-not-included\/\" \/>\n<meta property=\"og:site_name\" content=\"bondahx\" \/>\n<meta property=\"article:modified_time\" content=\"2026-02-09T16:46:49+00:00\" \/>\n<meta property=\"og:image\" content=\"https:\/\/valvepress.s3.amazonaws.com\/imgs\/buy_now.png\" \/>\n<meta name=\"twitter:card\" content=\"summary_large_image\" \/>\n<meta name=\"twitter:label1\" content=\"Est. reading time\" \/>\n\t<meta name=\"twitter:data1\" content=\"1 minute\" \/>\n<script type=\"application\/ld+json\" class=\"yoast-schema-graph\">{\"@context\":\"https:\/\/schema.org\",\"@graph\":[{\"@type\":\"WebPage\",\"@id\":\"https:\/\/bondahx.com\/index.php\/product\/ds-7608ni-q2-8p-h-265-8-channel-poe-4k-8mp-network-video-recorder-nvr-plug-play-international-original-english-version-hard-drive-not-included\/\",\"url\":\"https:\/\/bondahx.com\/index.php\/product\/ds-7608ni-q2-8p-h-265-8-channel-poe-4k-8mp-network-video-recorder-nvr-plug-play-international-original-english-version-hard-drive-not-included\/\",\"name\":\"DS-7608NI-Q2\/8P H.265 8 Channel PoE 4K 8MP Network Video Recorder NVR, Plug & Play, International Original English Version, Hard Drive Not Included - bondahx\",\"isPartOf\":{\"@id\":\"https:\/\/bondahx.com\/#website\"},\"primaryImageOfPage\":{\"@id\":\"https:\/\/bondahx.com\/index.php\/product\/ds-7608ni-q2-8p-h-265-8-channel-poe-4k-8mp-network-video-recorder-nvr-plug-play-international-original-english-version-hard-drive-not-included\/#primaryimage\"},\"image\":{\"@id\":\"https:\/\/bondahx.com\/index.php\/product\/ds-7608ni-q2-8p-h-265-8-channel-poe-4k-8mp-network-video-recorder-nvr-plug-play-international-original-english-version-hard-drive-not-included\/#primaryimage\"},\"thumbnailUrl\":\"https:\/\/bondahx.com\/wp-content\/uploads\/2026\/02\/41xtRzTLKQL._AC_SL1500_.jpg\",\"datePublished\":\"2026-02-09T16:46:42+00:00\",\"dateModified\":\"2026-02-09T16:46:49+00:00\",\"breadcrumb\":{\"@id\":\"https:\/\/bondahx.com\/index.php\/product\/ds-7608ni-q2-8p-h-265-8-channel-poe-4k-8mp-network-video-recorder-nvr-plug-play-international-original-english-version-hard-drive-not-included\/#breadcrumb\"},\"inLanguage\":\"en-US\",\"potentialAction\":[{\"@type\":\"ReadAction\",\"target\":[\"https:\/\/bondahx.com\/index.php\/product\/ds-7608ni-q2-8p-h-265-8-channel-poe-4k-8mp-network-video-recorder-nvr-plug-play-international-original-english-version-hard-drive-not-included\/\"]}]},{\"@type\":\"ImageObject\",\"inLanguage\":\"en-US\",\"@id\":\"https:\/\/bondahx.com\/index.php\/product\/ds-7608ni-q2-8p-h-265-8-channel-poe-4k-8mp-network-video-recorder-nvr-plug-play-international-original-english-version-hard-drive-not-included\/#primaryimage\",\"url\":\"https:\/\/bondahx.com\/wp-content\/uploads\/2026\/02\/41xtRzTLKQL._AC_SL1500_.jpg\",\"contentUrl\":\"https:\/\/bondahx.com\/wp-content\/uploads\/2026\/02\/41xtRzTLKQL._AC_SL1500_.jpg\",\"width\":1004,\"height\":216},{\"@type\":\"BreadcrumbList\",\"@id\":\"https:\/\/bondahx.com\/index.php\/product\/ds-7608ni-q2-8p-h-265-8-channel-poe-4k-8mp-network-video-recorder-nvr-plug-play-international-original-english-version-hard-drive-not-included\/#breadcrumb\",\"itemListElement\":[{\"@type\":\"ListItem\",\"position\":1,\"name\":\"Home\",\"item\":\"https:\/\/bondahx.com\/\"},{\"@type\":\"ListItem\",\"position\":2,\"name\":\"Shop\",\"item\":\"https:\/\/bondahx.com\/index.php\/shop\/\"},{\"@type\":\"ListItem\",\"position\":3,\"name\":\"DS-7608NI-Q2\/8P H.265 8 Channel PoE 4K 8MP Network Video Recorder NVR, Plug &#038; Play, International Original English Version, Hard Drive Not Included\"}]},{\"@type\":\"WebSite\",\"@id\":\"https:\/\/bondahx.com\/#website\",\"url\":\"https:\/\/bondahx.com\/\",\"name\":\"bondahx\",\"description\":\"Tech Centeral\",\"potentialAction\":[{\"@type\":\"SearchAction\",\"target\":{\"@type\":\"EntryPoint\",\"urlTemplate\":\"https:\/\/bondahx.com\/?s={search_term_string}\"},\"query-input\":{\"@type\":\"PropertyValueSpecification\",\"valueRequired\":true,\"valueName\":\"search_term_string\"}}],\"inLanguage\":\"en-US\"}]}<\/script>\n<!-- \/ Yoast SEO Premium plugin. -->","yoast_head_json":{"title":"DS-7608NI-Q2\/8P H.265 8 Channel PoE 4K 8MP Network Video Recorder NVR, Plug & Play, International Original English Version, Hard Drive Not Included - bondahx","robots":{"index":"index","follow":"follow","max-snippet":"max-snippet:-1","max-image-preview":"max-image-preview:large","max-video-preview":"max-video-preview:-1"},"canonical":"https:\/\/bondahx.com\/index.php\/product\/ds-7608ni-q2-8p-h-265-8-channel-poe-4k-8mp-network-video-recorder-nvr-plug-play-international-original-english-version-hard-drive-not-included\/","og_locale":"en_US","og_type":"article","og_title":"DS-7608NI-Q2\/8P H.265 8 Channel PoE 4K 8MP Network Video Recorder NVR, Plug & Play, International Original English Version, Hard Drive Not Included","og_description":"Price: (as of &#8211; Details) Video\/Audio InputIP video input: | 8-chTwo-way audio input: | 1-ch, RCA (2.0 Vp-p, 1k\u03a9)NetworkIncoming bandwidth:","og_url":"https:\/\/bondahx.com\/index.php\/product\/ds-7608ni-q2-8p-h-265-8-channel-poe-4k-8mp-network-video-recorder-nvr-plug-play-international-original-english-version-hard-drive-not-included\/","og_site_name":"bondahx","article_modified_time":"2026-02-09T16:46:49+00:00","og_image":[{"url":"https:\/\/valvepress.s3.amazonaws.com\/imgs\/buy_now.png","type":"","width":"","height":""}],"twitter_card":"summary_large_image","twitter_misc":{"Est. reading time":"1 minute"},"schema":{"@context":"https:\/\/schema.org","@graph":[{"@type":"WebPage","@id":"https:\/\/bondahx.com\/index.php\/product\/ds-7608ni-q2-8p-h-265-8-channel-poe-4k-8mp-network-video-recorder-nvr-plug-play-international-original-english-version-hard-drive-not-included\/","url":"https:\/\/bondahx.com\/index.php\/product\/ds-7608ni-q2-8p-h-265-8-channel-poe-4k-8mp-network-video-recorder-nvr-plug-play-international-original-english-version-hard-drive-not-included\/","name":"DS-7608NI-Q2\/8P H.265 8 Channel PoE 4K 8MP Network Video Recorder NVR, Plug & Play, International Original English Version, Hard Drive Not Included - bondahx","isPartOf":{"@id":"https:\/\/bondahx.com\/#website"},"primaryImageOfPage":{"@id":"https:\/\/bondahx.com\/index.php\/product\/ds-7608ni-q2-8p-h-265-8-channel-poe-4k-8mp-network-video-recorder-nvr-plug-play-international-original-english-version-hard-drive-not-included\/#primaryimage"},"image":{"@id":"https:\/\/bondahx.com\/index.php\/product\/ds-7608ni-q2-8p-h-265-8-channel-poe-4k-8mp-network-video-recorder-nvr-plug-play-international-original-english-version-hard-drive-not-included\/#primaryimage"},"thumbnailUrl":"https:\/\/bondahx.com\/wp-content\/uploads\/2026\/02\/41xtRzTLKQL._AC_SL1500_.jpg","datePublished":"2026-02-09T16:46:42+00:00","dateModified":"2026-02-09T16:46:49+00:00","breadcrumb":{"@id":"https:\/\/bondahx.com\/index.php\/product\/ds-7608ni-q2-8p-h-265-8-channel-poe-4k-8mp-network-video-recorder-nvr-plug-play-international-original-english-version-hard-drive-not-included\/#breadcrumb"},"inLanguage":"en-US","potentialAction":[{"@type":"ReadAction","target":["https:\/\/bondahx.com\/index.php\/product\/ds-7608ni-q2-8p-h-265-8-channel-poe-4k-8mp-network-video-recorder-nvr-plug-play-international-original-english-version-hard-drive-not-included\/"]}]},{"@type":"ImageObject","inLanguage":"en-US","@id":"https:\/\/bondahx.com\/index.php\/product\/ds-7608ni-q2-8p-h-265-8-channel-poe-4k-8mp-network-video-recorder-nvr-plug-play-international-original-english-version-hard-drive-not-included\/#primaryimage","url":"https:\/\/bondahx.com\/wp-content\/uploads\/2026\/02\/41xtRzTLKQL._AC_SL1500_.jpg","contentUrl":"https:\/\/bondahx.com\/wp-content\/uploads\/2026\/02\/41xtRzTLKQL._AC_SL1500_.jpg","width":1004,"height":216},{"@type":"BreadcrumbList","@id":"https:\/\/bondahx.com\/index.php\/product\/ds-7608ni-q2-8p-h-265-8-channel-poe-4k-8mp-network-video-recorder-nvr-plug-play-international-original-english-version-hard-drive-not-included\/#breadcrumb","itemListElement":[{"@type":"ListItem","position":1,"name":"Home","item":"https:\/\/bondahx.com\/"},{"@type":"ListItem","position":2,"name":"Shop","item":"https:\/\/bondahx.com\/index.php\/shop\/"},{"@type":"ListItem","position":3,"name":"DS-7608NI-Q2\/8P H.265 8 Channel PoE 4K 8MP Network Video Recorder NVR, Plug &#038; Play, International Original English Version, Hard Drive Not Included"}]},{"@type":"WebSite","@id":"https:\/\/bondahx.com\/#website","url":"https:\/\/bondahx.com\/","name":"bondahx","description":"Tech Centeral","potentialAction":[{"@type":"SearchAction","target":{"@type":"EntryPoint","urlTemplate":"https:\/\/bondahx.com\/?s={search_term_string}"},"query-input":{"@type":"PropertyValueSpecification","valueRequired":true,"valueName":"search_term_string"}}],"inLanguage":"en-US"}]}},"_links":{"self":[{"href":"https:\/\/bondahx.com\/index.php\/wp-json\/wp\/v2\/product\/33790","targetHints":{"allow":["GET"]}}],"collection":[{"href":"https:\/\/bondahx.com\/index.php\/wp-json\/wp\/v2\/product"}],"about":[{"href":"https:\/\/bondahx.com\/index.php\/wp-json\/wp\/v2\/types\/product"}],"replies":[{"embeddable":true,"href":"https:\/\/bondahx.com\/index.php\/wp-json\/wp\/v2\/comments?post=33790"}],"version-history":[{"count":0,"href":"https:\/\/bondahx.com\/index.php\/wp-json\/wp\/v2\/product\/33790\/revisions"}],"wp:featuredmedia":[{"embeddable":true,"href":"https:\/\/bondahx.com\/index.php\/wp-json\/wp\/v2\/media\/33791"}],"wp:attachment":[{"href":"https:\/\/bondahx.com\/index.php\/wp-json\/wp\/v2\/media?parent=33790"}],"wp:term":[{"taxonomy":"product_brand","embeddable":true,"href":"https:\/\/bondahx.com\/index.php\/wp-json\/wp\/v2\/product_brand?post=33790"},{"taxonomy":"product_cat","embeddable":true,"href":"https:\/\/bondahx.com\/index.php\/wp-json\/wp\/v2\/product_cat?post=33790"},{"taxonomy":"product_tag","embeddable":true,"href":"https:\/\/bondahx.com\/index.php\/wp-json\/wp\/v2\/product_tag?post=33790"}],"curies":[{"name":"wp","href":"https:\/\/api.w.org\/{rel}","templated":true}]}}