{"id":40029,"date":"2026-02-12T23:22:36","date_gmt":"2026-02-12T23:22:36","guid":{"rendered":"https:\/\/bondahx.com\/index.php\/product\/certified-10k-8k-hdmi-2-1-cable-20-ft-48gbps-ultra-high-speed-hdmi-cord-ethernet-cec-4k-240hz-165hz-144hz-120hz-8k-60hz-earc-netflix-hdcp2-3-hdr10-pc-laptop-rtx5090-tv-monitor-projector-x-box\/"},"modified":"2026-02-12T23:22:49","modified_gmt":"2026-02-12T23:22:49","slug":"certified-10k-8k-hdmi-2-1-cable-20-ft-48gbps-ultra-high-speed-hdmi-cord-ethernet-cec-4k-240hz-165hz-144hz-120hz-8k-60hz-earc-netflix-hdcp2-3-hdr10-pc-laptop-rtx5090-tv-monitor-projector-x-box","status":"publish","type":"product","link":"https:\/\/bondahx.com\/index.php\/product\/certified-10k-8k-hdmi-2-1-cable-20-ft-48gbps-ultra-high-speed-hdmi-cord-ethernet-cec-4k-240hz-165hz-144hz-120hz-8k-60hz-earc-netflix-hdcp2-3-hdr10-pc-laptop-rtx5090-tv-monitor-projector-x-box\/","title":{"rendered":"Certified 10K 8K HDMI 2.1 Cable 20 FT, 48Gbps Ultra High Speed HDMI\u00ae Cord Ethernet CEC 4K 240Hz 165Hz 144Hz 120Hz 8K 60Hz eARC Netflix HDCP2.3 HDR10+ PC Laptop RTX5090 TV Monitor Projector X-box PS5"},"content":{"rendered":"<p>Price: <span style=\"color:#b12704\">$24.54<\/span><br \/><i><small>(as of Feb 12, 2026 23:22:39 UTC &#8211; <span class=\"wp_automatic_amazon_disclaimer\" title=\"Product prices and availability are accurate as of the date\/time indicated and are subject to change. Any price and availability information displayed on [relevant Amazon Site(s), as applicable] at the time of purchase will apply to the purchase of this product.\">Details<\/span>)<\/small><\/i><br \/><a href=\"https:\/\/amazon.com\/dp\/B0BY9KKFRD?tag=bondbondt0b-20\"><img decoding=\"async\" src=\"https:\/\/valvepress.s3.amazonaws.com\/imgs\/buy_now.png\"><\/a><br \/>\n<\/p>\n<p>                                             Product description   <\/p>\n<p>                                                                     Ultra High Speed HDMI Cable                                            <img decoding=\"async\" alt=\"US\u9996\u56fe1\" src=\"https:\/\/images-na.ssl-images-amazon.com\/images\/G\/01\/x-locale\/common\/grey-pixel.gif\" class=\"a-lazy-loaded\" data-src=\"https:\/\/m.media-amazon.com\/images\/S\/aplus-media-library-service-media\/ae623f5f-d593-4926-a756-9bf4149242c4.__CR0,0,1464,600_PT0_SX1464_V1___.png\"><img decoding=\"async\" alt=\"US\u9996\u56fe1\" src=\"https:\/\/m.media-amazon.com\/images\/S\/aplus-media-library-service-media\/ae623f5f-d593-4926-a756-9bf4149242c4.__CR0,0,1464,600_PT0_SX1464_V1___.png\">                                               <\/p>\n<p>                                                                                                       <img decoding=\"async\" alt=\"US\u9996\u56fe2\" src=\"https:\/\/images-na.ssl-images-amazon.com\/images\/G\/01\/x-locale\/common\/grey-pixel.gif\" class=\"a-lazy-loaded\" data-src=\"https:\/\/m.media-amazon.com\/images\/S\/aplus-media-library-service-media\/bd413142-190e-4951-a13a-33074a1c1497.__CR0,0,1464,600_PT0_SX1464_V1___.png\"><img decoding=\"async\" alt=\"US\u9996\u56fe2\" src=\"https:\/\/m.media-amazon.com\/images\/S\/aplus-media-library-service-media\/bd413142-190e-4951-a13a-33074a1c1497.__CR0,0,1464,600_PT0_SX1464_V1___.png\">                                               <\/p>\n<p>                                                                     10K 8K HDMI Cable Laptop to TV                                            <img decoding=\"async\" alt=\"HDMI cable laptop to TV\" src=\"https:\/\/images-na.ssl-images-amazon.com\/images\/G\/01\/x-locale\/common\/grey-pixel.gif\" class=\"a-lazy-loaded\" data-src=\"https:\/\/m.media-amazon.com\/images\/S\/aplus-media-library-service-media\/1d694a43-31b9-4407-a382-cf31dcefd024.__CR0,0,1464,600_PT0_SX1464_V1___.jpg\"><img decoding=\"async\" alt=\"HDMI cable laptop to TV\" src=\"https:\/\/m.media-amazon.com\/images\/S\/aplus-media-library-service-media\/1d694a43-31b9-4407-a382-cf31dcefd024.__CR0,0,1464,600_PT0_SX1464_V1___.jpg\">                                                  <\/p>\n<p>                                                                     10K 8K 4K HDMI 2.1 Cord for Laptop to Monitor                                            <img decoding=\"async\" alt=\"US\u573a\u666f4\" src=\"https:\/\/images-na.ssl-images-amazon.com\/images\/G\/01\/x-locale\/common\/grey-pixel.gif\" class=\"a-lazy-loaded\" data-src=\"https:\/\/m.media-amazon.com\/images\/S\/aplus-media-library-service-media\/de70d4c0-bffe-4867-b707-6533502cef69.__CR0,0,1464,600_PT0_SX1464_V1___.jpg\"><img decoding=\"async\" alt=\"US\u573a\u666f4\" src=\"https:\/\/m.media-amazon.com\/images\/S\/aplus-media-library-service-media\/de70d4c0-bffe-4867-b707-6533502cef69.__CR0,0,1464,600_PT0_SX1464_V1___.jpg\">                                                  <\/p>\n<p>                                                                                  <img decoding=\"async\" alt=\"1\" src=\"https:\/\/m.media-amazon.com\/images\/S\/aplus-media-library-service-media\/83403919-6ea7-427b-ab53-b584b9dffdee.__CR0,0,1464,600_PT0_SX1464_V1___.jpg\">                                                    Office Projection: Laptop to Projector                                                <\/p>\n<p>                                                                                  <img decoding=\"async\" alt=\"2\" src=\"https:\/\/m.media-amazon.com\/images\/S\/aplus-media-library-service-media\/92b84f06-85a1-4a53-83e1-780b3bf3679a.__CR0,0,1464,600_PT0_SX1464_V1___.jpg\">                                                    HDMI Cable for Computer to Monitor                                                <\/p>\n<p>                                                                                     <img decoding=\"async\" alt=\"3\" src=\"https:\/\/m.media-amazon.com\/images\/S\/aplus-media-library-service-media\/138900ff-63ac-4d78-ba10-7e372e5c9223.__CR0,0,1464,600_PT0_SX1464_V1___.jpg\">                                                    HDMI 2.1 Cable for X-box                                                   <\/p>\n<p>                                                                                  <img decoding=\"async\" alt=\"4\" src=\"https:\/\/m.media-amazon.com\/images\/S\/aplus-media-library-service-media\/ef680871-9e71-4a8d-8b48-28435f16bb64.__CR0,0,1464,600_PT0_SX1464_V1___.jpg\">                                                    HDMI Cable for Apple TV 4K+                                                <\/p>\n<p>                                                                                     <img decoding=\"async\" alt=\"5\" src=\"https:\/\/m.media-amazon.com\/images\/S\/aplus-media-library-service-media\/6e4b84f9-976d-4ea8-a286-b53a735a98a5.__CR0,0,1464,600_PT0_SX1464_V1___.jpg\">                                                    HDMI 2.1 Cable for Soundbar to TV                                                   <\/p>\n<p>                                                                                     <img decoding=\"async\" alt=\"6\" src=\"https:\/\/m.media-amazon.com\/images\/S\/aplus-media-library-service-media\/b0a33fdb-3008-49fa-ba9f-8205e2c48763.__CR0,0,1464,600_PT0_SX1464_V1___.jpg\">                                                    HDMI Cord for Blu-Ray Player to TV                                                   <\/p>\n<p>                                                                                                                  <img decoding=\"async\" alt=\"US\u573a\u666f4\" src=\"https:\/\/m.media-amazon.com\/images\/S\/aplus-media-library-service-media\/1058f7c0-aadf-4ee9-911f-0fb846121dbc.__CR0,0,1464,600_PT0_SX1464_V1___.jpg\">                                                    <img decoding=\"async\" alt=\"us\u573a\u666f3\" src=\"https:\/\/m.media-amazon.com\/images\/S\/aplus-media-library-service-media\/bc651a24-9759-4191-9a14-b8550ca0a1f2.__CR0,0,1464,600_PT0_SX1464_V1___.jpg\">                                                    <img decoding=\"async\" alt=\"US\u573a\u666f5\" src=\"https:\/\/m.media-amazon.com\/images\/S\/aplus-media-library-service-media\/579ed1d2-2665-4bf7-b1f8-8086abfc8d4d.__CR0,0,1464,600_PT0_SX1464_V1___.jpg\">                                                      <img decoding=\"async\" alt=\"US\u573a\u666f6\" src=\"https:\/\/m.media-amazon.com\/images\/S\/aplus-media-library-service-media\/9497345d-5e93-4358-9020-59c2eba30ec5.__CR0,0,1464,600_PT0_SX1464_V1___.jpg\"><br \/>\n                            1 PS5 HDMl 2.1 Cable <\/p>\n<p>                            2 HDMl to HDMI Cord 48Gbps <\/p>\n<p>                            3 HDMI ARC\/eARC Cable <\/p>\n<p>                            4 HDMI HDR10+ Cable <\/p>\n<h3 class=\"a-text-center aplus-h1 a-text-bold\"> Certified 48Gbps HDMI 2.1 Cable 240Hz 165Hz 144Hz 120Hz <\/h3>\n<p>                         Add to Cart  <\/p>\n<p>                         Add to Cart  <\/p>\n<p>                         Add to Cart  <\/p>\n<p>                         Add to Cart  <\/p>\n<p>                         Add to Cart  <\/p>\n<p>                         Add to Cart  <\/p>\n<p>                         Add to Cart  <\/p>\n<p>                                     Customer Reviews  <\/p>\n<p>                    4.7 out of 5 stars  7,519  <\/p>\n<p>                    4.7 out of 5 stars  7,519  <\/p>\n<p>                    4.7 out of 5 stars  7,519  <\/p>\n<p>                    4.7 out of 5 stars  7,519  <\/p>\n<p>                    4.7 out of 5 stars  7,519  <\/p>\n<p>                    4.7 out of 5 stars  7,519  <\/p>\n<p>                    4.7 out of 5 stars  7,519  <\/p>\n<p>                                     Price  <\/p>\n<p>                                                        $8.99$8.99     <\/p>\n<p>                                                        $8.45$8.45     <\/p>\n<p>                                                        $8.79$8.79     <\/p>\n<p>                                                        $9.72$9.72     <\/p>\n<p>                                                        $14.79$14.79     <\/p>\n<p>                                                        $17.95$17.95     <\/p>\n<p>                                                        $24.54$24.54     <\/p>\n<p>                                     Bandwidth  <\/p>\n<p>                                                48Gbps    <\/p>\n<p>                                                48Gbps    <\/p>\n<p>                                                48Gbps    <\/p>\n<p>                                                48Gbps    <\/p>\n<p>                                                48Gbps    <\/p>\n<p>                                                48Gbps    <\/p>\n<p>                                                48Gbps    <\/p>\n<p>                                     Lenght  <\/p>\n<p>                                                1Meter\/3.3 FT    <\/p>\n<p>                                                1.5Meter\/5 FT    <\/p>\n<p>                                                2Meter\/6.6 FT    <\/p>\n<p>                                                3Meter\/10 FT    <\/p>\n<p>                                                4Meter\/13 FT    <\/p>\n<p>                                                5Meter\/16.4 FT    <\/p>\n<p>                                                6Meter\/20 FT    <\/p>\n<p>                                     Version  <\/p>\n<p>                                                HDMI 2.1    <\/p>\n<p>                                                HDMI 2.1    <\/p>\n<p>                                                HDMI 2.1    <\/p>\n<p>                                                HDMI 2.1    <\/p>\n<p>                                                HDMI 2.1    <\/p>\n<p>                                                HDMI 2.1    <\/p>\n<p>                                                HDMI 2.1    <\/p>\n<p>                                     Resolution  <\/p>\n<p>                                                10K\/8K@60Hz 4K@240Hz    <\/p>\n<p>                                                10K\/8K@60Hz 4K@240Hz    <\/p>\n<p>                                                10K\/8K@60Hz 4K@240Hz    <\/p>\n<p>                                                10K\/8K@60Hz 4K@240Hz    <\/p>\n<p>                                                10K\/8K@60Hz 4K@240Hz    <\/p>\n<p>                                                10K\/8K@60Hz 4K@240Hz    <\/p>\n<p>                                                10K\/8K@60Hz 4K@240Hz    <\/p>\n<p>                                     Certified by HDMI FORUM  <\/p>\n<p>                                                    \u2714       <\/p>\n<p>                                                    \u2714       <\/p>\n<p>                                                    \u2714       <\/p>\n<p>                                                    \u2714       <\/p>\n<p>                                                    \u2714       <\/p>\n<p>                                                    \u2714       <\/p>\n<p>                                                    \u2714       <\/p>\n<p>Ultra High Speed HDMI Cable: Support 10K 60Hz, 8K 60Hz, 5K 165Hz 144Hz 120Hz, 4K 240Hz 200Hz 180Hz 165Hz 144Hz 120Hz, 2K, 1440P, 1080P, 720P, 480P<br \/>HDMI to HDMI Cable Nylon Braided: 10240\u00d74320, 7680\u00d74320, 3840\u00d72160, 2560\u00d71600, 2560\u00d71440, 2048\u00d71536, 1920\u00d71200, 1920\u00d71080, 1600\u00d7900, 1366\u00d7768, 1280\u00d7800, 1280\u00d7720<br \/>HDMI 2.1 Cable: Supports Port 2.1, 2.1a, 2.0b, 2.0a, 2.0, 1.4b, 1.4a, 1.4, 1.3c, 1.3b1, 1.3b, 1.3a, 1.3, 1.2a, 1.2, 1.1, and 1.0. Support 3D Rendering, and Large File Transfers<br \/>Certified HDMI Cable with Ethernet: 48Gbps, Ethernet, CEC, 0.01ms, 120 FPS, Low EMI, SBTM, HDCP 2.3 &#038; 2.2, Dynamic HDR, HDR10+, Dol-by Vision-2, Dol-by Atmos, ARC, eARC, DTS:X, DTS Master, 3D, 5D, VRR, ALLM , QFT, QMS, 12bit 10bit Color Depth<br \/>Upgraded HDMI Cord: DGX Spark, PC, Display, Desktop, Laptop, OLED TV, Mac-Mini M1-M5, Macbook, RTX5090 4090, HUB, Docking, Blu-ray Player, DVD, PS5 Pro PS5 PS4 PS3 Consoles, All X-box Series, Soundbar, App-le TV 4K, Sky-TV, Fi-re TV, Ro-ku TV, SHIELD TV Etc<\/p>\n\n","protected":false},"excerpt":{"rendered":"<p> Product description Ultra High Speed HDMI Cable 10K 8K HDMI Cable Laptop to TV 10K<\/p>\n","protected":false},"featured_media":40030,"comment_status":"open","ping_status":"closed","template":"","meta":[],"product_brand":[413],"product_cat":[135,414,87,416,415,153,144],"product_tag":[],"class_list":{"0":"post-40029","1":"product","2":"type-product","3":"status-publish","4":"has-post-thumbnail","6":"product_brand-adauxter","7":"product_cat-accessories","8":"product_cat-cables","9":"product_cat-electronics","10":"product_cat-hdmi-cables","11":"product_cat-hdmi-cableselectronics","12":"product_cat-television-video","13":"product_cat-tv-home-entertainment","15":"first","16":"instock","17":"shipping-taxable","18":"product-type-external"},"yoast_head":"<!-- This site is optimized with the Yoast SEO Premium plugin v25.0 (Yoast SEO v26.9) - https:\/\/yoast.com\/product\/yoast-seo-premium-wordpress\/ -->\n<title>Certified 10K 8K HDMI 2.1 Cable 20 FT, 48Gbps Ultra High Speed HDMI\u00ae Cord Ethernet CEC 4K 240Hz 165Hz 144Hz 120Hz 8K 60Hz eARC Netflix HDCP2.3 HDR10+ PC Laptop RTX5090 TV Monitor Projector X-box PS5 - bondahx<\/title>\n<meta name=\"robots\" content=\"index, follow, max-snippet:-1, max-image-preview:large, max-video-preview:-1\" \/>\n<link rel=\"canonical\" href=\"https:\/\/bondahx.com\/index.php\/product\/certified-10k-8k-hdmi-2-1-cable-20-ft-48gbps-ultra-high-speed-hdmi-cord-ethernet-cec-4k-240hz-165hz-144hz-120hz-8k-60hz-earc-netflix-hdcp2-3-hdr10-pc-laptop-rtx5090-tv-monitor-projector-x-box\/\" \/>\n<meta property=\"og:locale\" content=\"en_US\" \/>\n<meta property=\"og:type\" content=\"article\" \/>\n<meta property=\"og:title\" content=\"Certified 10K 8K HDMI 2.1 Cable 20 FT, 48Gbps Ultra High Speed HDMI\u00ae Cord Ethernet CEC 4K 240Hz 165Hz 144Hz 120Hz 8K 60Hz eARC Netflix HDCP2.3 HDR10+ PC Laptop RTX5090 TV Monitor Projector X-box PS5\" \/>\n<meta property=\"og:description\" content=\"Price: (as of &#8211; Details) Product description Ultra High Speed HDMI Cable 10K 8K HDMI Cable Laptop to TV 10K\" \/>\n<meta property=\"og:url\" content=\"https:\/\/bondahx.com\/index.php\/product\/certified-10k-8k-hdmi-2-1-cable-20-ft-48gbps-ultra-high-speed-hdmi-cord-ethernet-cec-4k-240hz-165hz-144hz-120hz-8k-60hz-earc-netflix-hdcp2-3-hdr10-pc-laptop-rtx5090-tv-monitor-projector-x-box\/\" \/>\n<meta property=\"og:site_name\" content=\"bondahx\" \/>\n<meta property=\"article:modified_time\" content=\"2026-02-12T23:22:49+00:00\" \/>\n<meta property=\"og:image\" content=\"https:\/\/valvepress.s3.amazonaws.com\/imgs\/buy_now.png\" \/>\n<meta name=\"twitter:card\" content=\"summary_large_image\" \/>\n<meta name=\"twitter:label1\" content=\"Est. reading time\" \/>\n\t<meta name=\"twitter:data1\" content=\"2 minutes\" \/>\n<script type=\"application\/ld+json\" class=\"yoast-schema-graph\">{\"@context\":\"https:\/\/schema.org\",\"@graph\":[{\"@type\":\"WebPage\",\"@id\":\"https:\/\/bondahx.com\/index.php\/product\/certified-10k-8k-hdmi-2-1-cable-20-ft-48gbps-ultra-high-speed-hdmi-cord-ethernet-cec-4k-240hz-165hz-144hz-120hz-8k-60hz-earc-netflix-hdcp2-3-hdr10-pc-laptop-rtx5090-tv-monitor-projector-x-box\/\",\"url\":\"https:\/\/bondahx.com\/index.php\/product\/certified-10k-8k-hdmi-2-1-cable-20-ft-48gbps-ultra-high-speed-hdmi-cord-ethernet-cec-4k-240hz-165hz-144hz-120hz-8k-60hz-earc-netflix-hdcp2-3-hdr10-pc-laptop-rtx5090-tv-monitor-projector-x-box\/\",\"name\":\"Certified 10K 8K HDMI 2.1 Cable 20 FT, 48Gbps Ultra High Speed HDMI\u00ae Cord Ethernet CEC 4K 240Hz 165Hz 144Hz 120Hz 8K 60Hz eARC Netflix HDCP2.3 HDR10+ PC Laptop RTX5090 TV Monitor Projector X-box PS5 - bondahx\",\"isPartOf\":{\"@id\":\"https:\/\/bondahx.com\/#website\"},\"primaryImageOfPage\":{\"@id\":\"https:\/\/bondahx.com\/index.php\/product\/certified-10k-8k-hdmi-2-1-cable-20-ft-48gbps-ultra-high-speed-hdmi-cord-ethernet-cec-4k-240hz-165hz-144hz-120hz-8k-60hz-earc-netflix-hdcp2-3-hdr10-pc-laptop-rtx5090-tv-monitor-projector-x-box\/#primaryimage\"},\"image\":{\"@id\":\"https:\/\/bondahx.com\/index.php\/product\/certified-10k-8k-hdmi-2-1-cable-20-ft-48gbps-ultra-high-speed-hdmi-cord-ethernet-cec-4k-240hz-165hz-144hz-120hz-8k-60hz-earc-netflix-hdcp2-3-hdr10-pc-laptop-rtx5090-tv-monitor-projector-x-box\/#primaryimage\"},\"thumbnailUrl\":\"https:\/\/bondahx.com\/wp-content\/uploads\/2026\/02\/1770938557_61cv6RPE6L._SL1500_.jpg\",\"datePublished\":\"2026-02-12T23:22:36+00:00\",\"dateModified\":\"2026-02-12T23:22:49+00:00\",\"breadcrumb\":{\"@id\":\"https:\/\/bondahx.com\/index.php\/product\/certified-10k-8k-hdmi-2-1-cable-20-ft-48gbps-ultra-high-speed-hdmi-cord-ethernet-cec-4k-240hz-165hz-144hz-120hz-8k-60hz-earc-netflix-hdcp2-3-hdr10-pc-laptop-rtx5090-tv-monitor-projector-x-box\/#breadcrumb\"},\"inLanguage\":\"en-US\",\"potentialAction\":[{\"@type\":\"ReadAction\",\"target\":[\"https:\/\/bondahx.com\/index.php\/product\/certified-10k-8k-hdmi-2-1-cable-20-ft-48gbps-ultra-high-speed-hdmi-cord-ethernet-cec-4k-240hz-165hz-144hz-120hz-8k-60hz-earc-netflix-hdcp2-3-hdr10-pc-laptop-rtx5090-tv-monitor-projector-x-box\/\"]}]},{\"@type\":\"ImageObject\",\"inLanguage\":\"en-US\",\"@id\":\"https:\/\/bondahx.com\/index.php\/product\/certified-10k-8k-hdmi-2-1-cable-20-ft-48gbps-ultra-high-speed-hdmi-cord-ethernet-cec-4k-240hz-165hz-144hz-120hz-8k-60hz-earc-netflix-hdcp2-3-hdr10-pc-laptop-rtx5090-tv-monitor-projector-x-box\/#primaryimage\",\"url\":\"https:\/\/bondahx.com\/wp-content\/uploads\/2026\/02\/1770938557_61cv6RPE6L._SL1500_.jpg\",\"contentUrl\":\"https:\/\/bondahx.com\/wp-content\/uploads\/2026\/02\/1770938557_61cv6RPE6L._SL1500_.jpg\",\"width\":1282,\"height\":1500},{\"@type\":\"BreadcrumbList\",\"@id\":\"https:\/\/bondahx.com\/index.php\/product\/certified-10k-8k-hdmi-2-1-cable-20-ft-48gbps-ultra-high-speed-hdmi-cord-ethernet-cec-4k-240hz-165hz-144hz-120hz-8k-60hz-earc-netflix-hdcp2-3-hdr10-pc-laptop-rtx5090-tv-monitor-projector-x-box\/#breadcrumb\",\"itemListElement\":[{\"@type\":\"ListItem\",\"position\":1,\"name\":\"Home\",\"item\":\"https:\/\/bondahx.com\/\"},{\"@type\":\"ListItem\",\"position\":2,\"name\":\"Shop\",\"item\":\"https:\/\/bondahx.com\/index.php\/shop\/\"},{\"@type\":\"ListItem\",\"position\":3,\"name\":\"Certified 10K 8K HDMI 2.1 Cable 20 FT, 48Gbps Ultra High Speed HDMI\u00ae Cord Ethernet CEC 4K 240Hz 165Hz 144Hz 120Hz 8K 60Hz eARC Netflix HDCP2.3 HDR10+ PC Laptop RTX5090 TV Monitor Projector X-box PS5\"}]},{\"@type\":\"WebSite\",\"@id\":\"https:\/\/bondahx.com\/#website\",\"url\":\"https:\/\/bondahx.com\/\",\"name\":\"bondahx\",\"description\":\"Tech Center\",\"potentialAction\":[{\"@type\":\"SearchAction\",\"target\":{\"@type\":\"EntryPoint\",\"urlTemplate\":\"https:\/\/bondahx.com\/?s={search_term_string}\"},\"query-input\":{\"@type\":\"PropertyValueSpecification\",\"valueRequired\":true,\"valueName\":\"search_term_string\"}}],\"inLanguage\":\"en-US\"}]}<\/script>\n<!-- \/ Yoast SEO Premium plugin. -->","yoast_head_json":{"title":"Certified 10K 8K HDMI 2.1 Cable 20 FT, 48Gbps Ultra High Speed HDMI\u00ae Cord Ethernet CEC 4K 240Hz 165Hz 144Hz 120Hz 8K 60Hz eARC Netflix HDCP2.3 HDR10+ PC Laptop RTX5090 TV Monitor Projector X-box PS5 - bondahx","robots":{"index":"index","follow":"follow","max-snippet":"max-snippet:-1","max-image-preview":"max-image-preview:large","max-video-preview":"max-video-preview:-1"},"canonical":"https:\/\/bondahx.com\/index.php\/product\/certified-10k-8k-hdmi-2-1-cable-20-ft-48gbps-ultra-high-speed-hdmi-cord-ethernet-cec-4k-240hz-165hz-144hz-120hz-8k-60hz-earc-netflix-hdcp2-3-hdr10-pc-laptop-rtx5090-tv-monitor-projector-x-box\/","og_locale":"en_US","og_type":"article","og_title":"Certified 10K 8K HDMI 2.1 Cable 20 FT, 48Gbps Ultra High Speed HDMI\u00ae Cord Ethernet CEC 4K 240Hz 165Hz 144Hz 120Hz 8K 60Hz eARC Netflix HDCP2.3 HDR10+ PC Laptop RTX5090 TV Monitor Projector X-box PS5","og_description":"Price: (as of &#8211; Details) Product description Ultra High Speed HDMI Cable 10K 8K HDMI Cable Laptop to TV 10K","og_url":"https:\/\/bondahx.com\/index.php\/product\/certified-10k-8k-hdmi-2-1-cable-20-ft-48gbps-ultra-high-speed-hdmi-cord-ethernet-cec-4k-240hz-165hz-144hz-120hz-8k-60hz-earc-netflix-hdcp2-3-hdr10-pc-laptop-rtx5090-tv-monitor-projector-x-box\/","og_site_name":"bondahx","article_modified_time":"2026-02-12T23:22:49+00:00","og_image":[{"url":"https:\/\/valvepress.s3.amazonaws.com\/imgs\/buy_now.png","type":"","width":"","height":""}],"twitter_card":"summary_large_image","twitter_misc":{"Est. reading time":"2 minutes"},"schema":{"@context":"https:\/\/schema.org","@graph":[{"@type":"WebPage","@id":"https:\/\/bondahx.com\/index.php\/product\/certified-10k-8k-hdmi-2-1-cable-20-ft-48gbps-ultra-high-speed-hdmi-cord-ethernet-cec-4k-240hz-165hz-144hz-120hz-8k-60hz-earc-netflix-hdcp2-3-hdr10-pc-laptop-rtx5090-tv-monitor-projector-x-box\/","url":"https:\/\/bondahx.com\/index.php\/product\/certified-10k-8k-hdmi-2-1-cable-20-ft-48gbps-ultra-high-speed-hdmi-cord-ethernet-cec-4k-240hz-165hz-144hz-120hz-8k-60hz-earc-netflix-hdcp2-3-hdr10-pc-laptop-rtx5090-tv-monitor-projector-x-box\/","name":"Certified 10K 8K HDMI 2.1 Cable 20 FT, 48Gbps Ultra High Speed HDMI\u00ae Cord Ethernet CEC 4K 240Hz 165Hz 144Hz 120Hz 8K 60Hz eARC Netflix HDCP2.3 HDR10+ PC Laptop RTX5090 TV Monitor Projector X-box PS5 - bondahx","isPartOf":{"@id":"https:\/\/bondahx.com\/#website"},"primaryImageOfPage":{"@id":"https:\/\/bondahx.com\/index.php\/product\/certified-10k-8k-hdmi-2-1-cable-20-ft-48gbps-ultra-high-speed-hdmi-cord-ethernet-cec-4k-240hz-165hz-144hz-120hz-8k-60hz-earc-netflix-hdcp2-3-hdr10-pc-laptop-rtx5090-tv-monitor-projector-x-box\/#primaryimage"},"image":{"@id":"https:\/\/bondahx.com\/index.php\/product\/certified-10k-8k-hdmi-2-1-cable-20-ft-48gbps-ultra-high-speed-hdmi-cord-ethernet-cec-4k-240hz-165hz-144hz-120hz-8k-60hz-earc-netflix-hdcp2-3-hdr10-pc-laptop-rtx5090-tv-monitor-projector-x-box\/#primaryimage"},"thumbnailUrl":"https:\/\/bondahx.com\/wp-content\/uploads\/2026\/02\/1770938557_61cv6RPE6L._SL1500_.jpg","datePublished":"2026-02-12T23:22:36+00:00","dateModified":"2026-02-12T23:22:49+00:00","breadcrumb":{"@id":"https:\/\/bondahx.com\/index.php\/product\/certified-10k-8k-hdmi-2-1-cable-20-ft-48gbps-ultra-high-speed-hdmi-cord-ethernet-cec-4k-240hz-165hz-144hz-120hz-8k-60hz-earc-netflix-hdcp2-3-hdr10-pc-laptop-rtx5090-tv-monitor-projector-x-box\/#breadcrumb"},"inLanguage":"en-US","potentialAction":[{"@type":"ReadAction","target":["https:\/\/bondahx.com\/index.php\/product\/certified-10k-8k-hdmi-2-1-cable-20-ft-48gbps-ultra-high-speed-hdmi-cord-ethernet-cec-4k-240hz-165hz-144hz-120hz-8k-60hz-earc-netflix-hdcp2-3-hdr10-pc-laptop-rtx5090-tv-monitor-projector-x-box\/"]}]},{"@type":"ImageObject","inLanguage":"en-US","@id":"https:\/\/bondahx.com\/index.php\/product\/certified-10k-8k-hdmi-2-1-cable-20-ft-48gbps-ultra-high-speed-hdmi-cord-ethernet-cec-4k-240hz-165hz-144hz-120hz-8k-60hz-earc-netflix-hdcp2-3-hdr10-pc-laptop-rtx5090-tv-monitor-projector-x-box\/#primaryimage","url":"https:\/\/bondahx.com\/wp-content\/uploads\/2026\/02\/1770938557_61cv6RPE6L._SL1500_.jpg","contentUrl":"https:\/\/bondahx.com\/wp-content\/uploads\/2026\/02\/1770938557_61cv6RPE6L._SL1500_.jpg","width":1282,"height":1500},{"@type":"BreadcrumbList","@id":"https:\/\/bondahx.com\/index.php\/product\/certified-10k-8k-hdmi-2-1-cable-20-ft-48gbps-ultra-high-speed-hdmi-cord-ethernet-cec-4k-240hz-165hz-144hz-120hz-8k-60hz-earc-netflix-hdcp2-3-hdr10-pc-laptop-rtx5090-tv-monitor-projector-x-box\/#breadcrumb","itemListElement":[{"@type":"ListItem","position":1,"name":"Home","item":"https:\/\/bondahx.com\/"},{"@type":"ListItem","position":2,"name":"Shop","item":"https:\/\/bondahx.com\/index.php\/shop\/"},{"@type":"ListItem","position":3,"name":"Certified 10K 8K HDMI 2.1 Cable 20 FT, 48Gbps Ultra High Speed HDMI\u00ae Cord Ethernet CEC 4K 240Hz 165Hz 144Hz 120Hz 8K 60Hz eARC Netflix HDCP2.3 HDR10+ PC Laptop RTX5090 TV Monitor Projector X-box PS5"}]},{"@type":"WebSite","@id":"https:\/\/bondahx.com\/#website","url":"https:\/\/bondahx.com\/","name":"bondahx","description":"Tech Center","potentialAction":[{"@type":"SearchAction","target":{"@type":"EntryPoint","urlTemplate":"https:\/\/bondahx.com\/?s={search_term_string}"},"query-input":{"@type":"PropertyValueSpecification","valueRequired":true,"valueName":"search_term_string"}}],"inLanguage":"en-US"}]}},"_links":{"self":[{"href":"https:\/\/bondahx.com\/index.php\/wp-json\/wp\/v2\/product\/40029","targetHints":{"allow":["GET"]}}],"collection":[{"href":"https:\/\/bondahx.com\/index.php\/wp-json\/wp\/v2\/product"}],"about":[{"href":"https:\/\/bondahx.com\/index.php\/wp-json\/wp\/v2\/types\/product"}],"replies":[{"embeddable":true,"href":"https:\/\/bondahx.com\/index.php\/wp-json\/wp\/v2\/comments?post=40029"}],"version-history":[{"count":0,"href":"https:\/\/bondahx.com\/index.php\/wp-json\/wp\/v2\/product\/40029\/revisions"}],"wp:featuredmedia":[{"embeddable":true,"href":"https:\/\/bondahx.com\/index.php\/wp-json\/wp\/v2\/media\/40030"}],"wp:attachment":[{"href":"https:\/\/bondahx.com\/index.php\/wp-json\/wp\/v2\/media?parent=40029"}],"wp:term":[{"taxonomy":"product_brand","embeddable":true,"href":"https:\/\/bondahx.com\/index.php\/wp-json\/wp\/v2\/product_brand?post=40029"},{"taxonomy":"product_cat","embeddable":true,"href":"https:\/\/bondahx.com\/index.php\/wp-json\/wp\/v2\/product_cat?post=40029"},{"taxonomy":"product_tag","embeddable":true,"href":"https:\/\/bondahx.com\/index.php\/wp-json\/wp\/v2\/product_tag?post=40029"}],"curies":[{"name":"wp","href":"https:\/\/api.w.org\/{rel}","templated":true}]}}